{"id":68,"date":"2013-08-21T16:30:28","date_gmt":"2013-08-21T15:30:28","guid":{"rendered":"http:\/\/www.cnra.sn\/do\/?page_id=68"},"modified":"2013-10-30T14:26:52","modified_gmt":"2013-10-30T13:26:52","slug":"medias","status":"publish","type":"page","link":"https:\/\/www.cnra.sn\/do\/medias\/","title":{"rendered":"Medias"},"content":{"rendered":"<h2 class=\"none\">Les M\u00e9dias au S\u00e9n\u00e9gal<\/h2>\n<p class=\"none\"><strong>La lib\u00e9ralisation progressive du secteur de la t\u00e9l\u00e9vision \u00e0 partir de 1991<\/strong>, pour les cha\u00eenes TV par satellite et de la radio avec <strong>Sud FM \u00e0 partir de 1994<\/strong>, a permis \u00e0 des groupes de communication priv\u00e9s de se positionner sur ces nouveaux march\u00e9s. Profitant des \u00e9volutions technologiques rapides, ils ont connu une forte croissance. Les cha\u00eenes de t\u00e9l\u00e9vision \u00e9trang\u00e8res et stations de radio priv\u00e9es s\u00e9n\u00e9galaises ont conquis une large partie du public s\u00e9n\u00e9galais.<br \/>\nCes dix derni\u00e8res ann\u00e9es, le secteur s\u2019est consid\u00e9rablement \u00e9largi, le nombre de cha\u00eenes de t\u00e9l\u00e9vision a augment\u00e9 et\u00a0 leur couverture s\u2019est renforc\u00e9e.<br \/>\nLe S\u00e9n\u00e9gal compte en D\u00e9cembre 2012, quinze (15) cha\u00eenes de t\u00e9l\u00e9vision op\u00e9rationnelles et une dizaine d\u2019acteurs qui disposent de fr\u00e9quence hertzienne, mais n\u2019ont pas encore d\u00e9marr\u00e9 l\u2019exploitation.<\/p>\n<div class=\"list-big-wrap clearfix kc-elm\">\t<article class=\"newsplus entry-list split-33-67 post-2396 post type-post status-publish format-standard has-post-thumbnail hentry category-article-de-presse category-communiques-de-presse category-medias category-president-du-cnra\">\r\n\t\t<div class=\"post-img\"><div class=\"post-thumb\"><a href=\"https:\/\/www.cnra.sn\/do\/actualites-refram-interview-de-m-babacar-diagne-president-du-conseil-national-de-regulation-de-laudiovisuel-senegal-vice-president-du-refram\/\" title=\"Actualit\u00e9s REFRAM : Interview De M Babacar Diagne, pr\u00e9sident du Conseil national de r\u00e9gulation de l&rsquo;audiovisuel (S\u00e9n\u00e9gal), vice-pr\u00e9sident du REFRAM\"><img src=\"https:\/\/www.cnra.sn\/do\/wp-content\/uploads\/bfi_thumb\/Pavet_Com_presse-704io05g4sv5crqwt9vlxp9xi0w7h44szf9blbfhhzk.jpg\" class=\"attachment-post-thumbnail wp-post-image\" alt=\"Pavet_Com_presse.jpg\"><\/a><\/div><\/div>\r\n\t\t<div class=\"entry-content\">\r\n        <aside class=\"meta-row cat-row\"><div class=\"meta-col\"><ul class=\"post-categories\"><li><a href=\"https:\/\/www.cnra.sn\/do\/category\/article-de-presse\/\">Article de presse<\/a><\/li><li><a href=\"https:\/\/www.cnra.sn\/do\/category\/communiques-de-presse\/\">Communiqu\u00e9s de presse<\/a><\/li><li class=\"submenu-parent\"><a class=\"cat-toggle\" href=\"#\">+ 2 plus<\/a><ul class=\"cat-sub submenu\"><li><a href=\"https:\/\/www.cnra.sn\/do\/category\/medias\/\">M\u00e9dias<\/a><\/li><li><a href=\"https:\/\/www.cnra.sn\/do\/category\/president-du-cnra\/\">Pr\u00e9sident du CNRA<\/a><\/li><\/ul><\/li><\/ul><\/div><\/aside><h2 class=\"entry-title\"><a href=\"https:\/\/www.cnra.sn\/do\/actualites-refram-interview-de-m-babacar-diagne-president-du-conseil-national-de-regulation-de-laudiovisuel-senegal-vice-president-du-refram\/\" title=\"Actualit\u00e9s REFRAM : Interview De M Babacar Diagne, pr\u00e9sident du Conseil national de r\u00e9gulation de l&rsquo;audiovisuel (S\u00e9n\u00e9gal), vice-pr\u00e9sident du REFRAM\">Actualit\u00e9s REFRAM : Interview De M Babacar Diagne, pr\u00e9sident du Conseil national de r\u00e9gulation de l&rsquo;audiovisuel (S\u00e9n\u00e9gal), vice-pr\u00e9sident du REFRAM<\/a><\/h2><p class=\"post-excerpt fs-\">1. En application de l\u2019accord de coop\u00e9ration pass\u00e9 entre le REFRAM et l\u2019ERGA, vous avez particip\u00e9 \u00e0 la r\u00e9union pl\u00e9ni\u00e8re du r\u00e9seau des r\u00e9gulateurs de l\u2019Union europ\u00e9enne le 1er d\u00e9cembre 2022 \u00e0 Bruxelles. Que tirez-vous de cette exp\u00e9rience et de vos \u00e9changes avec les r\u00e9gulateurs et la Commission europ\u00e9enne ? C\u2019est surtout la possibilit\u00e9 pour [&hellip;]<\/p><aside class=\"meta-row row-3\"><div class=\"meta-col col-60\"><ul class=\"entry-meta\"><li class=\"post-time\"><span class=\"published-label\">Publi\u00e9: <\/span><span class=\"posted-on\"><time class=\"entry-date\" datetime=\"2023-05-02T13:06:28+01:00\">2 mai 2023<span class=\"sep time-sep\"><\/span><span class=\"publish-time\">13 h 06 min<\/span><\/time><\/span><\/li><li class=\"post-author\"><span class=\"screen-reader-text\">Auteur <\/span><a href=\"https:\/\/www.cnra.sn\/do\/author\/admin\/\">admin<\/a><\/li><\/ul><\/div><div class=\"meta-col col-40 text-right\"><span class=\"post-views\">1690<\/span><\/div><\/aside>\t\t<\/div><!-- \/.entry-content -->\r\n\t<\/article><!-- #post-2396 -->\r\n\t\t<article class=\"newsplus entry-list split-33-67 post-2392 post type-post status-publish format-standard has-post-thumbnail hentry category-article-de-presse category-communiques-de-presse category-medias category-president-du-cnra\">\r\n\t\t<div class=\"post-img\"><div class=\"post-thumb\"><a href=\"https:\/\/www.cnra.sn\/do\/mise-au-point-du-cnra-suite-aux-informations-mensongeres-diffusees-par-rewmi-quotidien\/\" title=\"Mise au point du CNRA suite aux informations mensong\u00e8res diffus\u00e9es Par Rewmi quotidien\"><img src=\"https:\/\/www.cnra.sn\/do\/wp-content\/uploads\/bfi_thumb\/Pavet_Com_presse-704io05g4sv5crqwt9vlxp9xi0w7h44szf9blbfhhzk.jpg\" class=\"attachment-post-thumbnail wp-post-image\" alt=\"Pavet_Com_presse.jpg\"><\/a><\/div><\/div>\r\n\t\t<div class=\"entry-content\">\r\n        <aside class=\"meta-row cat-row\"><div class=\"meta-col\"><ul class=\"post-categories\"><li><a href=\"https:\/\/www.cnra.sn\/do\/category\/article-de-presse\/\">Article de presse<\/a><\/li><li><a href=\"https:\/\/www.cnra.sn\/do\/category\/communiques-de-presse\/\">Communiqu\u00e9s de presse<\/a><\/li><li class=\"submenu-parent\"><a class=\"cat-toggle\" href=\"#\">+ 2 plus<\/a><ul class=\"cat-sub submenu\"><li><a href=\"https:\/\/www.cnra.sn\/do\/category\/medias\/\">M\u00e9dias<\/a><\/li><li><a href=\"https:\/\/www.cnra.sn\/do\/category\/president-du-cnra\/\">Pr\u00e9sident du CNRA<\/a><\/li><\/ul><\/li><\/ul><\/div><\/aside><h2 class=\"entry-title\"><a href=\"https:\/\/www.cnra.sn\/do\/mise-au-point-du-cnra-suite-aux-informations-mensongeres-diffusees-par-rewmi-quotidien\/\" title=\"Mise au point du CNRA suite aux informations mensong\u00e8res diffus\u00e9es Par Rewmi quotidien\">Mise au point du CNRA suite aux informations mensong\u00e8res diffus\u00e9es Par Rewmi quotidien<\/a><\/h2><p class=\"post-excerpt fs-\">Dans sa UNE de ce mercredi 5 avril 2023, REWMI QUOTIDIEN a accus\u00e9 le CNRA d\u2019avoir coup\u00e9 le signal de REWMI TV \u00ab\u00a0pour\u00a0exc\u00e8s d\u2019ind\u00e9pendance de ses journalistes\u00a0\u00bb. Selon le journal, le CNRA\u00a0: n\u2019a cibl\u00e9 que REWMI TV sur les 46 cha\u00eenes h\u00e9berg\u00e9es par EXCAF\u00a0; n\u2019a ni adress\u00e9 un pr\u00e9avis ni mis en demeure la t\u00e9l\u00e9vision [&hellip;]<\/p><aside class=\"meta-row row-3\"><div class=\"meta-col col-60\"><ul class=\"entry-meta\"><li class=\"post-time\"><span class=\"published-label\">Publi\u00e9: <\/span><span class=\"posted-on\"><time class=\"entry-date\" datetime=\"2023-04-05T15:59:22+01:00\">5 avril 2023<span class=\"sep time-sep\"><\/span><span class=\"publish-time\">15 h 59 min<\/span><\/time><\/span><\/li><li class=\"post-author\"><span class=\"screen-reader-text\">Auteur <\/span><a href=\"https:\/\/www.cnra.sn\/do\/author\/admin\/\">admin<\/a><\/li><\/ul><\/div><div class=\"meta-col col-40 text-right\"><span class=\"post-views\">1729<\/span><\/div><\/aside>\t\t<\/div><!-- \/.entry-content -->\r\n\t<\/article><!-- #post-2392 -->\r\n\t\t<article class=\"newsplus entry-list split-33-67 post-2384 post type-post status-publish format-standard has-post-thumbnail hentry category-activites category-article-de-presse category-elections category-medias category-president-du-cnra category-enfance category-seminaire category-technologies\">\r\n\t\t<div class=\"post-img\"><div class=\"post-thumb\"><a href=\"https:\/\/www.cnra.sn\/do\/senegal-belgique-medias-regulation-une-delegation-du-csa-belge-attendue-a-dakar\/\" title=\"S\u00e9n\u00e9gal-Belgique-m\u00e9dias-r\u00e9gulation : une d\u00e9l\u00e9gation du CSA belge attendue \u00e0 Dakar\"><img src=\"https:\/\/www.cnra.sn\/do\/wp-content\/uploads\/bfi_thumb\/Visite_CSA_belge-78yia0moqhjpw51e1cntygzkldhn1r96r2la593hlxs.png\" class=\"attachment-post-thumbnail wp-post-image\" alt=\"Visite_CSA_belge.png\"><\/a><\/div><\/div>\r\n\t\t<div class=\"entry-content\">\r\n        <aside class=\"meta-row cat-row\"><div class=\"meta-col\"><ul class=\"post-categories\"><li><a href=\"https:\/\/www.cnra.sn\/do\/category\/activites\/\">Activit\u00e9s<\/a><\/li><li><a href=\"https:\/\/www.cnra.sn\/do\/category\/article-de-presse\/\">Article de presse<\/a><\/li><li class=\"submenu-parent\"><a class=\"cat-toggle\" href=\"#\">+ 6 plus<\/a><ul class=\"cat-sub submenu\"><li><a href=\"https:\/\/www.cnra.sn\/do\/category\/elections\/\">Elections<\/a><\/li><li><a href=\"https:\/\/www.cnra.sn\/do\/category\/medias\/\">M\u00e9dias<\/a><\/li><li><a href=\"https:\/\/www.cnra.sn\/do\/category\/president-du-cnra\/\">Pr\u00e9sident du CNRA<\/a><\/li><li><a href=\"https:\/\/www.cnra.sn\/do\/category\/dossier\/enfance\/\">Protection Enfance<\/a><\/li><li><a href=\"https:\/\/www.cnra.sn\/do\/category\/seminaire\/\">S\u00e9minaire<\/a><\/li><li><a href=\"https:\/\/www.cnra.sn\/do\/category\/dossier\/technologies\/\">Technologies<\/a><\/li><\/ul><\/li><\/ul><\/div><\/aside><h2 class=\"entry-title\"><a href=\"https:\/\/www.cnra.sn\/do\/senegal-belgique-medias-regulation-une-delegation-du-csa-belge-attendue-a-dakar\/\" title=\"S\u00e9n\u00e9gal-Belgique-m\u00e9dias-r\u00e9gulation : une d\u00e9l\u00e9gation du CSA belge attendue \u00e0 Dakar\">S\u00e9n\u00e9gal-Belgique-m\u00e9dias-r\u00e9gulation : une d\u00e9l\u00e9gation du CSA belge attendue \u00e0 Dakar<\/a><\/h2><p class=\"post-excerpt fs-\">Une d\u00e9l\u00e9gation du Conseil sup\u00e9rieur de l\u2019audiovisuel (CSA) de Belgique effectue \u00e0 partir de lundi une visite au S\u00e9n\u00e9gal sur invitation du Conseil national de r\u00e9gulation de l\u2019audiovisuel (CNRA), annonce un communiqu\u00e9 re\u00e7u vendredi \u00e0 l\u2019APS. Cette visite entre dans le cadre de \u2018\u2019l\u2019application d\u2019un partenariat qui se d\u00e9cline en programme quadriennal entre les deux [&hellip;]<\/p><aside class=\"meta-row row-3\"><div class=\"meta-col col-60\"><ul class=\"entry-meta\"><li class=\"post-time\"><span class=\"published-label\">Publi\u00e9: <\/span><span class=\"posted-on\"><time class=\"entry-date\" datetime=\"2023-03-13T11:34:08+01:00\">13 mars 2023<span class=\"sep time-sep\"><\/span><span class=\"publish-time\">11 h 34 min<\/span><\/time><\/span><\/li><li class=\"post-author\"><span class=\"screen-reader-text\">Auteur <\/span><a href=\"https:\/\/www.cnra.sn\/do\/author\/admin\/\">admin<\/a><\/li><\/ul><\/div><div class=\"meta-col col-40 text-right\"><span class=\"post-views\">1563<\/span><\/div><\/aside>\t\t<\/div><!-- \/.entry-content -->\r\n\t<\/article><!-- #post-2384 -->\r\n\t\t<article class=\"newsplus entry-list split-33-67 post-2374 post type-post status-publish format-standard has-post-thumbnail hentry category-discours category-journees-detude category-medias category-partenaires category-president-du-cnra category-refram category-technologies\">\r\n\t\t<div class=\"post-img\"><div class=\"post-thumb\"><a href=\"https:\/\/www.cnra.sn\/do\/declaration-des-reseaux-de-regulateurs-des-medias-et-de-la-securite-en-ligne-a-loccasion-de-la-conference-mondiale-de-lunesco-pour-un-internet-de-confiance\/\" title=\"D\u00e9claration des r\u00e9seaux de r\u00e9gulateurs des m\u00e9dias et de la s\u00e9curit\u00e9 en ligne \u00e0 l\u2019occasion de la Conf\u00e9rence mondiale de l\u2019UNESCO \u00ab Pour un Internet de confiance \u00bb\"><img src=\"https:\/\/www.cnra.sn\/do\/wp-content\/uploads\/bfi_thumb\/Unesco_president_Reg_23022023-78pxo8xbhzfzj7dk0ec53ueobtcongun65g53z3v9e8.jpg\" class=\"attachment-post-thumbnail wp-post-image\" alt=\"Unesco_president_Reg_23022023.jpg\"><\/a><\/div><\/div>\r\n\t\t<div class=\"entry-content\">\r\n        <aside class=\"meta-row cat-row\"><div class=\"meta-col\"><ul class=\"post-categories\"><li><a href=\"https:\/\/www.cnra.sn\/do\/category\/discours\/\">Discours<\/a><\/li><li><a href=\"https:\/\/www.cnra.sn\/do\/category\/journees-detude\/\">Journ\u00e9es d'\u00e9tude<\/a><\/li><li class=\"submenu-parent\"><a class=\"cat-toggle\" href=\"#\">+ 5 plus<\/a><ul class=\"cat-sub submenu\"><li><a href=\"https:\/\/www.cnra.sn\/do\/category\/medias\/\">M\u00e9dias<\/a><\/li><li><a href=\"https:\/\/www.cnra.sn\/do\/category\/partenaires\/\">Partenaires<\/a><\/li><li><a href=\"https:\/\/www.cnra.sn\/do\/category\/president-du-cnra\/\">Pr\u00e9sident du CNRA<\/a><\/li><li><a href=\"https:\/\/www.cnra.sn\/do\/category\/refram\/\">Refram<\/a><\/li><li><a href=\"https:\/\/www.cnra.sn\/do\/category\/dossier\/technologies\/\">Technologies<\/a><\/li><\/ul><\/li><\/ul><\/div><\/aside><h2 class=\"entry-title\"><a href=\"https:\/\/www.cnra.sn\/do\/declaration-des-reseaux-de-regulateurs-des-medias-et-de-la-securite-en-ligne-a-loccasion-de-la-conference-mondiale-de-lunesco-pour-un-internet-de-confiance\/\" title=\"D\u00e9claration des r\u00e9seaux de r\u00e9gulateurs des m\u00e9dias et de la s\u00e9curit\u00e9 en ligne \u00e0 l\u2019occasion de la Conf\u00e9rence mondiale de l\u2019UNESCO \u00ab Pour un Internet de confiance \u00bb\">D\u00e9claration des r\u00e9seaux de r\u00e9gulateurs des m\u00e9dias et de la s\u00e9curit\u00e9 en ligne \u00e0 l\u2019occasion de la Conf\u00e9rence mondiale de l\u2019UNESCO \u00ab Pour un Internet de confiance \u00bb<\/a><\/h2><p class=\"post-excerpt fs-\">Affirment la disponibilit\u00e9 de leurs r\u00e9seaux respectifs pour contribuer \u00e0 la cr\u00e9ation et \u00e0 l\u2019animation d\u2019un espace Les pr\u00e9sidentes et pr\u00e9sidents du Groupe des r\u00e9gulateurs europ\u00e9ens des services de m\u00e9dias audiovisuels (ERGA), de la Plateforme des r\u00e9gulateurs de l\u2019audiovisuel ib\u00e9ro-am\u00e9ricains (PRAI), du R\u00e9seau francophone des r\u00e9gulateurs des m\u00e9dias (REFRAM), du R\u00e9seau des instances africaines de [&hellip;]<\/p><aside class=\"meta-row row-3\"><div class=\"meta-col col-60\"><ul class=\"entry-meta\"><li class=\"post-time\"><span class=\"published-label\">Publi\u00e9: <\/span><span class=\"posted-on\"><time class=\"entry-date\" datetime=\"2023-02-23T16:42:41+01:00\">23 f\u00e9vrier 2023<span class=\"sep time-sep\"><\/span><span class=\"publish-time\">16 h 42 min<\/span><\/time><\/span><\/li><li class=\"post-author\"><span class=\"screen-reader-text\">Auteur <\/span><a href=\"https:\/\/www.cnra.sn\/do\/author\/admin\/\">admin<\/a><\/li><\/ul><\/div><div class=\"meta-col col-40 text-right\"><span class=\"post-views\">1673<\/span><\/div><\/aside>\t\t<\/div><!-- \/.entry-content -->\r\n\t<\/article><!-- #post-2374 -->\r\n\t\t<article class=\"newsplus entry-list split-33-67 post-2371 post type-post status-publish format-standard has-post-thumbnail hentry category-article-de-presse category-communiques-de-presse category-decision-cnra category-medias category-monitoring-dossier category-president-du-cnra category-enfance\">\r\n\t\t<div class=\"post-img\"><div class=\"post-thumb\"><a href=\"https:\/\/www.cnra.sn\/do\/suspension-de-programmes-de-walf-tv-le-cnra-inflexible-droit-dans-ses-bottes\/\" title=\"Suspension de Programmes de Walf TV Le CNRA inflexible, droit dans ses bottes.\"><img src=\"https:\/\/www.cnra.sn\/do\/wp-content\/uploads\/bfi_thumb\/Pavet_com_presse_vert-704ipsn5hpnflcl8eor6fs021amc38itzmgowovv32o.jpg\" class=\"attachment-post-thumbnail wp-post-image\" alt=\"Pavet_com_presse_vert.jpg\"><\/a><\/div><\/div>\r\n\t\t<div class=\"entry-content\">\r\n        <aside class=\"meta-row cat-row\"><div class=\"meta-col\"><ul class=\"post-categories\"><li><a href=\"https:\/\/www.cnra.sn\/do\/category\/article-de-presse\/\">Article de presse<\/a><\/li><li><a href=\"https:\/\/www.cnra.sn\/do\/category\/communiques-de-presse\/\">Communiqu\u00e9s de presse<\/a><\/li><li class=\"submenu-parent\"><a class=\"cat-toggle\" href=\"#\">+ 5 plus<\/a><ul class=\"cat-sub submenu\"><li><a href=\"https:\/\/www.cnra.sn\/do\/category\/decision-cnra\/\">D\u00e9cision<\/a><\/li><li><a href=\"https:\/\/www.cnra.sn\/do\/category\/medias\/\">M\u00e9dias<\/a><\/li><li><a href=\"https:\/\/www.cnra.sn\/do\/category\/dossier\/monitoring-dossier\/\">Monitoring<\/a><\/li><li><a href=\"https:\/\/www.cnra.sn\/do\/category\/president-du-cnra\/\">Pr\u00e9sident du CNRA<\/a><\/li><li><a href=\"https:\/\/www.cnra.sn\/do\/category\/dossier\/enfance\/\">Protection Enfance<\/a><\/li><\/ul><\/li><\/ul><\/div><\/aside><h2 class=\"entry-title\"><a href=\"https:\/\/www.cnra.sn\/do\/suspension-de-programmes-de-walf-tv-le-cnra-inflexible-droit-dans-ses-bottes\/\" title=\"Suspension de Programmes de Walf TV Le CNRA inflexible, droit dans ses bottes.\">Suspension de Programmes de Walf TV Le CNRA inflexible, droit dans ses bottes.<\/a><\/h2><p class=\"post-excerpt fs-\">L\u2019organe de r\u00e9gulation des m\u00e9dias ne laissera personne diffuser pendant des heures et en live, des sc\u00e8nes de violence impliquant des enfants et des adolescents. Sur cette question, en d\u00e9pit des rassemblements et autres actes de protestations, le CNRA restera constant et d\u00e9termin\u00e9. L\u2019argument de \u2018\u2019temps d\u2019antenne vendu\u2019\u2019 avanc\u00e9 comme ligne de d\u00e9fense par Walfadjri [&hellip;]<\/p><aside class=\"meta-row row-3\"><div class=\"meta-col col-60\"><ul class=\"entry-meta\"><li class=\"post-time\"><span class=\"published-label\">Publi\u00e9: <\/span><span class=\"posted-on\"><time class=\"entry-date\" datetime=\"2023-02-20T12:36:15+01:00\">20 f\u00e9vrier 2023<span class=\"sep time-sep\"><\/span><span class=\"publish-time\">12 h 36 min<\/span><\/time><\/span><\/li><li class=\"post-author\"><span class=\"screen-reader-text\">Auteur <\/span><a href=\"https:\/\/www.cnra.sn\/do\/author\/admin\/\">admin<\/a><\/li><\/ul><\/div><div class=\"meta-col col-40 text-right\"><span class=\"post-views\">1403<\/span><\/div><\/aside>\t\t<\/div><!-- \/.entry-content -->\r\n\t<\/article><!-- #post-2371 -->\r\n\t<\/div><!-- \/.list-big-wrap -->\n","protected":false},"excerpt":{"rendered":"<p>Les M\u00e9dias au S\u00e9n\u00e9gal La lib\u00e9ralisation progressive du secteur de la t\u00e9l\u00e9vision \u00e0 partir de 1991, pour les cha\u00eenes TV par satellite et de la radio avec Sud FM \u00e0 partir de 1994, a permis \u00e0 des groupes de communication priv\u00e9s de se positionner sur ces nouveaux march\u00e9s. Profitant des \u00e9volutions technologiques rapides, ils ont [&hellip;]<\/p>\n","protected":false},"author":1,"featured_media":0,"parent":0,"menu_order":49,"comment_status":"closed","ping_status":"closed","template":"","meta":{"_exactmetrics_skip_tracking":false,"_exactmetrics_sitenote_active":false,"_exactmetrics_sitenote_note":"","_exactmetrics_sitenote_category":0},"_links":{"self":[{"href":"https:\/\/www.cnra.sn\/do\/wp-json\/wp\/v2\/pages\/68"}],"collection":[{"href":"https:\/\/www.cnra.sn\/do\/wp-json\/wp\/v2\/pages"}],"about":[{"href":"https:\/\/www.cnra.sn\/do\/wp-json\/wp\/v2\/types\/page"}],"author":[{"embeddable":true,"href":"https:\/\/www.cnra.sn\/do\/wp-json\/wp\/v2\/users\/1"}],"replies":[{"embeddable":true,"href":"https:\/\/www.cnra.sn\/do\/wp-json\/wp\/v2\/comments?post=68"}],"version-history":[{"count":13,"href":"https:\/\/www.cnra.sn\/do\/wp-json\/wp\/v2\/pages\/68\/revisions"}],"predecessor-version":[{"id":357,"href":"https:\/\/www.cnra.sn\/do\/wp-json\/wp\/v2\/pages\/68\/revisions\/357"}],"wp:attachment":[{"href":"https:\/\/www.cnra.sn\/do\/wp-json\/wp\/v2\/media?parent=68"}],"curies":[{"name":"wp","href":"https:\/\/api.w.org\/{rel}","templated":true}]}}