{"id":58,"date":"2013-08-21T16:27:23","date_gmt":"2013-08-21T15:27:23","guid":{"rendered":"http:\/\/www.cnra.sn\/do\/?page_id=58"},"modified":"2021-08-10T13:45:37","modified_gmt":"2021-08-10T12:45:37","slug":"textes-et-lois","status":"publish","type":"page","link":"https:\/\/www.cnra.sn\/do\/textes-et-lois\/","title":{"rendered":"Espace Juridique"},"content":{"rendered":"<section class=\"kc-elm kc-css-409274 kc_row\"><div class=\"kc-row-container  kc-container\"><div class=\"kc-wrap-columns\"><div class=\"kc-elm kc-css-941033 kc_col-sm-12 kc_column kc_col-sm-12\"><div class=\"kc-col-container\"><div class=\"kc-elm kc-css-51197 kc_text_block\"><ul>\n<li>\n<h2><strong>LOI N\u00b0 2006-04 DU 4 JANVIER 2006, PORTANT CR\u00c9ATION DU CONSEIL NATIONAL DE R\u00c9GULATION DE L\u2019AUDIOVISUEL (CNRA)<\/strong><\/h2>\n<\/li>\n<\/ul>\n<h2><span style=\"font-size: 14px;\"><strong> &gt; Expos\u00e9 des motifs<\/strong><\/span><\/h2>\n<p style=\"text-align: justify;\">Le pr\u00e9sent projet de loi a pour objet d\u2019instituer un nouvel organe de r\u00e9gulation plus adapt\u00e9 au nouveau paysage audiovisuel s\u00e9n\u00e9galais, marqu\u00e9 par l\u2019av\u00e8nement de plusieurs stations de\u00a0 radios commerciales, communautaires et la perspective de nouvelles cha\u00eenes de t\u00e9l\u00e9visions. Le d\u00e9veloppement rapide du secteur de l\u2019audiovisuel qui pr\u00e9sage de l\u2019ampleur des mutations \u00e0 venir rend n\u00e9cessaire la mise sur pied d\u2019un organe charg\u00e9 d\u2019assurer sa coh\u00e9sion et de faire respecter les r\u00e8gles de pluralisme, d\u2019\u00e9thique, de d\u00e9ontologie, les<br \/>lois et r\u00e8glements en vigueur ainsi que les cahiers de charges et les conventions r\u00e9gissant l\u2019audiovisuel au S\u00e9n\u00e9gal.<\/p>\n<p style=\"text-align: justify;\">Pour ce faire et compte tenu de l\u2019exp\u00e9rience ant\u00e9rieure, aussi bien du Haut Conseil de la Radio T\u00e9l\u00e9vision (HCRT) cr\u00e9\u00e9 en 1991, que du Haut Conseil de l\u2019Audiovisuel (HCA) cr\u00e9\u00e9 en 1998, il y a lieu de conf\u00e9rer au nouvel organe de r\u00e9gulation de l\u2019audiovisuel une autorit\u00e9 renforc\u00e9e reposant notamment sur la mise \u00e0 sa disposition d\u2019une panoplie de sanctions et mesures pouvant \u00eatre prises dans le strict respect des droits de la d\u00e9fense. Le nouvel organe est \u00e9galement marqu\u00e9 par une repr\u00e9sentation \u00e9tendue aux jeunes et personnes du troisi\u00e8me \u00e2ge avec une mission permanente de veille en ce qui concerne le respect des diversit\u00e9s culturelles et linguistiques du S\u00e9n\u00e9gal, qui doit se refl\u00e9ter dans les diff\u00e9rents programmes destin\u00e9s au public.<\/p>\n<p style=\"text-align: justify;\">Enfin, en ce qui concerne les \u00e9missions interactives dont la multiplication est sans cesse croissante, le nouvel organe de r\u00e9gulation est charg\u00e9 de veiller \u00e0 ce que les stations de radios et de t\u00e9l\u00e9visions disposent, pour leur organisation, d\u2019un \u00e9quipement technique permettant d\u2019\u00e9viter les d\u00e9rapages jusque l\u00e0 constat\u00e9s et qui, pour l\u2019essentiel, portent atteinte aux institutions ou \u00e0 l\u2019honneur et \u00e0 la r\u00e9putation des personnes&#8230;<\/p>\n<p>T\u00e9l\u00e9charger\u00a0 (PDF)<\/p>\n<hr \/>\n<ul>\n<li>\n<h3><a href=\"https:\/\/www.cnra.sn\/do\/download\/cahier-de-charges-applicable-au-titulaire-dune-autorisation-de-diffusion-de-programmes-de-television-privee-de-droit-senegalais\/\">Cahier des charges relatif \u00e0 l&rsquo;\u00e9tablissement et\/ou l&rsquo;exploitation d&rsquo;un service de t\u00e9l\u00e9vision priv\u00e9e commerciale<\/a><\/h3>\n<\/li>\n<\/ul>\n<p><strong>Le Conseil national de R\u00e9gulation de l\u2019Audiovisuel, <\/strong><\/p>\n<p>Vu la Constitution\u00a0;<\/p>\n<p>Vu la Directive n\u00b001\/2015\/CM\/UEMOA du 30 mars 2015 portant harmonisation du cadre r\u00e9glementaire de la T\u00e9l\u00e9vision num\u00e9rique terrestre dans l\u2019espace UEMOA\u00a0;\u00a0\u00a0\u00a0\u00a0\u00a0\u00a0\u00a0\u00a0\u00a0\u00a0\u00a0\u00a0\u00a0\u00a0\u00a0<\/p>\n<p>Vu la loi n\u00b02006-04 du 04 janvier 2006 portant cr\u00e9ation du Conseil national de R\u00e9gulation de l\u2019Audiovisuel\u00a0;<\/p>\n<p>Vu la loi n\u00b0 2017-27 du 13 juillet 2017 portant Code de la Presse\u00a0;<\/p>\n<p>Vu la loi n\u00b02017-28 du 14 juillet 2017 autorisant la cr\u00e9ation de la soci\u00e9t\u00e9 autonome d\u00e9nomm\u00e9e \u00ab\u00a0Soci\u00e9t\u00e9 de T\u00e9l\u00e9diffusion du S\u00e9n\u00e9gal (TDS SA)\u00a0\u00bb\u00a0;\u00a0<\/p>\n<p>Consid\u00e9rant les missions assign\u00e9es aux services de t\u00e9l\u00e9vision priv\u00e9e commerciale\u00a0;<\/p>\n<p>En application de l\u2019article 130 de la loi n\u00b0 2017-27 susvis\u00e9e\u00a0;<\/p>\n<p>Apr\u00e8s avoir recueilli l\u2019avis technique de l\u2019Op\u00e9rateur de diffusion\u00a0;<\/p>\n<p>Etablit le pr\u00e9sent Cahier des charges relatif \u00e0 l\u2019\u00e9tablissement et\/ou l\u2019exploitation d\u2019un service de t\u00e9l\u00e9vision priv\u00e9e commerciale &#8230;<\/p>\n<p><a href=\"https:\/\/www.cnra.sn\/do\/download\/cahier-de-charges-applicable-au-titulaire-dune-autorisation-de-diffusion-de-programmes-de-television-privee-de-droit-senegalais\/\">T\u00e9l\u00e9charger (PDF)<\/a><\/p>\n<\/p>\n<p>&nbsp;<\/p>\n<\/p>\n<p>\n<\/div><\/div><\/div><\/div><\/div><\/section>","protected":false},"excerpt":{"rendered":"","protected":false},"author":1,"featured_media":0,"parent":0,"menu_order":53,"comment_status":"closed","ping_status":"closed","template":"","meta":{"_exactmetrics_skip_tracking":false,"_exactmetrics_sitenote_active":false,"_exactmetrics_sitenote_note":"","_exactmetrics_sitenote_category":0},"_links":{"self":[{"href":"https:\/\/www.cnra.sn\/do\/wp-json\/wp\/v2\/pages\/58"}],"collection":[{"href":"https:\/\/www.cnra.sn\/do\/wp-json\/wp\/v2\/pages"}],"about":[{"href":"https:\/\/www.cnra.sn\/do\/wp-json\/wp\/v2\/types\/page"}],"author":[{"embeddable":true,"href":"https:\/\/www.cnra.sn\/do\/wp-json\/wp\/v2\/users\/1"}],"replies":[{"embeddable":true,"href":"https:\/\/www.cnra.sn\/do\/wp-json\/wp\/v2\/comments?post=58"}],"version-history":[{"count":24,"href":"https:\/\/www.cnra.sn\/do\/wp-json\/wp\/v2\/pages\/58\/revisions"}],"predecessor-version":[{"id":2001,"href":"https:\/\/www.cnra.sn\/do\/wp-json\/wp\/v2\/pages\/58\/revisions\/2001"}],"wp:attachment":[{"href":"https:\/\/www.cnra.sn\/do\/wp-json\/wp\/v2\/media?parent=58"}],"curies":[{"name":"wp","href":"https:\/\/api.w.org\/{rel}","templated":true}]}}