{"id":418,"date":"2013-11-05T16:25:11","date_gmt":"2013-11-05T15:25:11","guid":{"rendered":"http:\/\/www.cnra.sn\/do\/?page_id=418"},"modified":"2013-11-05T16:35:13","modified_gmt":"2013-11-05T15:35:13","slug":"faq","status":"publish","type":"page","link":"https:\/\/www.cnra.sn\/do\/faq\/","title":{"rendered":"FAQ(Foire aux Questions)"},"content":{"rendered":"<h2>FAQ(Foire aux Questions)<\/h2>\n<p>Le <strong>Lorem Ipsum<\/strong> est simplement du faux texte employ\u00e9 dans la composition et la mise en page avant impression. Le Lorem Ipsum est le faux texte standard de l&rsquo;imprimerie depuis les ann\u00e9es 1500, quand un peintre anonyme assembla ensemble des morceaux de texte pour r\u00e9aliser un livre sp\u00e9cimen de polices de texte. Il n&rsquo;a pas fait que survivre cinq si\u00e8cles, mais s&rsquo;est aussi adapt\u00e9 \u00e0 la bureautique informatique, sans que son contenu n&rsquo;en soit modifi\u00e9. Il a \u00e9t\u00e9 popularis\u00e9 dans les ann\u00e9es 1960 gr\u00e2ce \u00e0 la vente de feuilles Letraset contenant des passages du Lorem Ipsum, et, plus r\u00e9cemment, par son inclusion dans des applications de mise en page de texte, comme Aldus PageMaker.<\/p>\n<div class=\"accordion\"><p>\t<h5 class=\"handle\"><\/p>\n<ul>\n<li>La protection des mineurs \u00e0 la t\u00e9l\u00e9vision<\/li>\n<\/ul>\n<p><\/h5><div class=\"acc-content\"><div class=\"acc-inner\"><p>Le <strong>Lorem Ipsum<\/strong> est simplement du faux texte employ\u00e9 dans la composition et la mise en page avant impression. Le Lorem Ipsum est le faux texte standard de l&rsquo;imprimerie depuis les ann\u00e9es 1500, quand un peintre anonyme assembla ensemble des morceaux de texte pour r\u00e9aliser un livre sp\u00e9cimen de polices de texte. Il n&rsquo;a pas fait que survivre cinq si\u00e8cles, mais s&rsquo;est aussi adapt\u00e9 \u00e0 la bureautique informatique, sans que son contenu n&rsquo;en soit modifi\u00e9. Il a \u00e9t\u00e9 popularis\u00e9 dans les ann\u00e9es 1960 gr\u00e2ce \u00e0 la vente de feuilles Letraset contenant des passages du Lorem Ipsum, et, plus r\u00e9cemment, par son inclusion dans des applications de mise en page de texte, comme Aldus PageMaker.<\/p><\/div><\/div>\n<h5 class=\"handle\"><\/p>\n<ul>\n<li>Le pluralisme politique \u00e0 la t\u00e9l\u00e9vision<\/ul>\n<\/li>\n<p><\/h5><div class=\"acc-content\"><div class=\"acc-inner\"><p>Le <strong>Lorem Ipsum<\/strong> est simplement du faux texte employ\u00e9 dans la composition et la mise en page avant impression. Le Lorem Ipsum est le faux texte standard de l&rsquo;imprimerie depuis les ann\u00e9es 1500, quand un peintre anonyme assembla ensemble des morceaux de texte pour r\u00e9aliser un livre sp\u00e9cimen de polices de texte. Il n&rsquo;a pas fait que survivre cinq si\u00e8cles, mais s&rsquo;est aussi adapt\u00e9 \u00e0 la bureautique informatique, sans que son contenu n&rsquo;en soit modifi\u00e9. Il a \u00e9t\u00e9 popularis\u00e9 dans les ann\u00e9es 1960 gr\u00e2ce \u00e0 la vente de feuilles Letraset contenant des passages du Lorem Ipsum, et, plus r\u00e9cemment, par son inclusion dans des applications de mise en page de texte, comme Aldus PageMaker.<\/p><\/div><\/div>\n<h5 class=\"handle\"><\/p>\n<ul>\n<li>Les jeux t\u00e9l\u00e9vis\u00e9s<\/ul>\n<\/li>\n<p><\/h5><div class=\"acc-content\"><div class=\"acc-inner\"><p>Le <strong>Lorem Ipsum<\/strong> est simplement du faux texte employ\u00e9 dans la composition et la mise en page avant impression. Le Lorem Ipsum est le faux texte standard de l&rsquo;imprimerie depuis les ann\u00e9es 1500, quand un peintre anonyme assembla ensemble des morceaux de texte pour r\u00e9aliser un livre sp\u00e9cimen de polices de texte. Il n&rsquo;a pas fait que survivre cinq si\u00e8cles, mais s&rsquo;est aussi adapt\u00e9 \u00e0 la bureautique informatique, sans que son contenu n&rsquo;en soit modifi\u00e9. Il a \u00e9t\u00e9 popularis\u00e9 dans les ann\u00e9es 1960 gr\u00e2ce \u00e0 la vente de feuilles Letraset contenant des passages du Lorem Ipsum, et, plus r\u00e9cemment, par son inclusion dans des applications de mise en page de texte, comme Aldus PageMaker.<\/p><\/div><\/div>\n<h5 class=\"handle\"><\/p>\n<ul>\n<li>Quelles sont les r\u00e8gles d\u00e9ontologiques qui s\u2019appliquent aux cha\u00eenes ?<\/ul>\n<\/li>\n<p><\/h5><div class=\"acc-content\"><div class=\"acc-inner\"><p>Le <strong>Lorem Ipsum<\/strong> est simplement du faux texte employ\u00e9 dans la composition et la mise en page avant impression. Le Lorem Ipsum est le faux texte standard de l&rsquo;imprimerie depuis les ann\u00e9es 1500, quand un peintre anonyme assembla ensemble des morceaux de texte pour r\u00e9aliser un livre sp\u00e9cimen de polices de texte. Il n&rsquo;a pas fait que survivre cinq si\u00e8cles, mais s&rsquo;est aussi adapt\u00e9 \u00e0 la bureautique informatique, sans que son contenu n&rsquo;en soit modifi\u00e9. Il a \u00e9t\u00e9 popularis\u00e9 dans les ann\u00e9es 1960 gr\u00e2ce \u00e0 la vente de feuilles Letraset contenant des passages du Lorem Ipsum, et, plus r\u00e9cemment, par son inclusion dans des applications de mise en page de texte, comme Aldus PageMaker..<\/p><\/div><\/div>\n<h5 class=\"handle\"><\/p>\n<ul>\n<li>Questions fr\u00e9quentes sur le placement de produit et la publicit\u00e9 clandestine<\/ul>\n<\/li>\n<p><\/h5><div class=\"acc-content\"><div class=\"acc-inner\"><p>Le <strong>Lorem Ipsum<\/strong> est simplement du faux texte employ\u00e9 dans la composition et la mise en page avant impression. Le Lorem Ipsum est le faux texte standard de l&rsquo;imprimerie depuis les ann\u00e9es 1500, quand un peintre anonyme assembla ensemble des morceaux de texte pour r\u00e9aliser un livre sp\u00e9cimen de polices de texte. Il n&rsquo;a pas fait que survivre cinq si\u00e8cles, mais s&rsquo;est aussi adapt\u00e9 \u00e0 la bureautique informatique, sans que son contenu n&rsquo;en soit modifi\u00e9. Il a \u00e9t\u00e9 popularis\u00e9 dans les ann\u00e9es 1960 gr\u00e2ce \u00e0 la vente de feuilles Letraset contenant des passages du Lorem Ipsum, et, plus r\u00e9cemment, par son inclusion dans des applications de mise en page de texte, comme Aldus PageMaker.<\/p><\/div><\/div>\n<h5 class=\"handle\"><\/p>\n<ul>\n<li>Quelle est la proc\u00e9dure \u00e0 suivre pour obtenir une autorisation pour une radio qui diffusera par voie hertzienne ?<\/ul>\n<\/li>\n<p><\/h5><div class=\"acc-content\"><div class=\"acc-inner\"><p>Le <strong>Lorem Ipsum<\/strong> est simplement du faux texte employ\u00e9 dans la composition et la mise en page avant impression. Le Lorem Ipsum est le faux texte standard de l&rsquo;imprimerie depuis les ann\u00e9es 1500, quand un peintre anonyme assembla ensemble des morceaux de texte pour r\u00e9aliser un livre sp\u00e9cimen de polices de texte. Il n&rsquo;a pas fait que survivre cinq si\u00e8cles, mais s&rsquo;est aussi adapt\u00e9 \u00e0 la bureautique informatique, sans que son contenu n&rsquo;en soit modifi\u00e9. Il a \u00e9t\u00e9 popularis\u00e9 dans les ann\u00e9es 1960 gr\u00e2ce \u00e0 la vente de feuilles Letraset contenant des passages du Lorem Ipsum, et, plus r\u00e9cemment, par son inclusion dans des applications de mise en page de texte, comme Aldus PageMaker.<\/p><\/div><\/div><\/div>\n","protected":false},"excerpt":{"rendered":"<p>FAQ(Foire aux Questions) Le Lorem Ipsum est simplement du faux texte employ\u00e9 dans la composition et la mise en page avant impression. Le Lorem Ipsum est le faux texte standard de l&rsquo;imprimerie depuis les ann\u00e9es 1500, quand un peintre anonyme assembla ensemble des morceaux de texte pour r\u00e9aliser un livre sp\u00e9cimen de polices de texte. [&hellip;]<\/p>\n","protected":false},"author":1,"featured_media":0,"parent":0,"menu_order":46,"comment_status":"closed","ping_status":"closed","template":"","meta":{"_exactmetrics_skip_tracking":false,"_exactmetrics_sitenote_active":false,"_exactmetrics_sitenote_note":"","_exactmetrics_sitenote_category":0},"_links":{"self":[{"href":"https:\/\/www.cnra.sn\/do\/wp-json\/wp\/v2\/pages\/418"}],"collection":[{"href":"https:\/\/www.cnra.sn\/do\/wp-json\/wp\/v2\/pages"}],"about":[{"href":"https:\/\/www.cnra.sn\/do\/wp-json\/wp\/v2\/types\/page"}],"author":[{"embeddable":true,"href":"https:\/\/www.cnra.sn\/do\/wp-json\/wp\/v2\/users\/1"}],"replies":[{"embeddable":true,"href":"https:\/\/www.cnra.sn\/do\/wp-json\/wp\/v2\/comments?post=418"}],"version-history":[{"count":8,"href":"https:\/\/www.cnra.sn\/do\/wp-json\/wp\/v2\/pages\/418\/revisions"}],"predecessor-version":[{"id":420,"href":"https:\/\/www.cnra.sn\/do\/wp-json\/wp\/v2\/pages\/418\/revisions\/420"}],"wp:attachment":[{"href":"https:\/\/www.cnra.sn\/do\/wp-json\/wp\/v2\/media?parent=418"}],"curies":[{"name":"wp","href":"https:\/\/api.w.org\/{rel}","templated":true}]}}