{"id":4,"date":"2013-08-20T19:33:08","date_gmt":"2013-08-20T18:33:08","guid":{"rendered":"http:\/\/www.cnra.sn\/do\/?page_id=4"},"modified":"2021-08-24T10:21:52","modified_gmt":"2021-08-24T09:21:52","slug":"presentation","status":"publish","type":"page","link":"https:\/\/www.cnra.sn\/do\/presentation\/","title":{"rendered":"Le CNRA"},"content":{"rendered":"<h2>Pr\u00e9sentation du CNRA<\/h2>\n<p style=\"text-align: justify;\">Au regard du d\u00e9veloppement rapide du secteur de l\u2019audiovisuel qui pr\u00e9sageait de l\u2019ampleur des mutations \u00e0 venir, la mise sur pied d\u2019un nouvel organe de r\u00e9gulation adapt\u00e9 \u00e9tait n\u00e9cessaire pour g\u00e9rer le nouveau paysage audiovisuel s\u00e9n\u00e9galais, marqu\u00e9 par l\u2019av\u00e8nement de plusieurs stations de radios commerciales, communautaires et la perspective de nouvelles cha\u00eenes de t\u00e9l\u00e9visions.<\/p>\n<p style=\"text-align: justify;\">Ce nouvel organe est charg\u00e9 d\u2019assurer sa coh\u00e9sion et de faire respecter les r\u00e8gles de pluralisme, d\u2019\u00e9thique, de d\u00e9ontologie, les lois et r\u00e8glements en vigueur ainsi que les cahiers de charges et les conventions r\u00e9gissant l\u2019audiovisuel au S\u00e9n\u00e9gal. Aussi, pour lui permettre de remplir efficacement sa mission, une autorit\u00e9 renforc\u00e9e lui a \u00e9t\u00e9 conf\u00e9r\u00e9e, reposant notamment sur la mise \u00e0 sa disposition d\u2019une panoplie de sanctions et mesures pouvant \u00eatre prises dans le strict respect des droits de la d\u00e9fense.<\/p>\n<p style=\"text-align: justify;\">Dans cette dynamique et tenant compte de l\u2019exp\u00e9rience du Haut Conseil de la Radio T\u00e9l\u00e9vision (HCRT) cr\u00e9\u00e9 en 1991 et du Haut Conseil de l\u2019Audiovisuel (HCA) cr\u00e9\u00e9 en 1998, le Conseil National de R\u00e9gulation de l\u2019Audiovisuel (CNRA) a \u00e9t\u00e9 institu\u00e9 par la loi 2006-04 du 4 janvier 2006. Il s\u2019agissait en somme d\u2019apporter des r\u00e9ponses pragmatiques face aux d\u00e9fis d\u2019un nouveau paysage audiovisuel et d\u2019anticiper sur l\u2019\u00e9volution de notre syst\u00e8me audiovisuel.<\/p>\n<h2><strong>COMPOSITION DU CNRA<\/strong><\/h2>\n<p>Le Conseil National de R\u00e9gulation de l\u2019Audiovisuel comprend neuf membres nomm\u00e9s par le Pr\u00e9sident de la R\u00e9publique :<\/p>\n<ul>\n<li>Un Pr\u00e9sident de l\u2019Institution ;<\/li>\n<li>Un membre issu du milieu des lettres ;<\/li>\n<li>Un membre issu de la communaut\u00e9 universitaire ;<\/li>\n<li>Un membre issu des mouvements des droits de l\u2019homme<\/li>\n<li>Un membre issu du milieu des professionnels de la communication;<\/li>\n<li>Un membre issu des personnes du Troisi\u00e8me Age ;<\/li>\n<li>Un membre issu du milieu des Arts ;<\/li>\n<li>Un membre issu des mouvements des associations f\u00e9minines;<\/li>\n<li>Un membre issu des associations de personnes du Troisi\u00e8me Age<\/li>\n<li>Un repr\u00e9sentant de la jeunesse.<\/li>\n<\/ul>\n<p style=\"text-align: justify;\">La dur\u00e9e du mandat des membres du Conseil National de R\u00e9gulation de l\u2019Audiovisuel est de six ans. Ce mandat n\u2019est ni renouvelable, ni r\u00e9vocable.Les membres du Conseil National de R\u00e9gulation de l\u2019Audiovisuel ne peuvent \u00eatre poursuivis, recherch\u00e9s, arr\u00eat\u00e9s ou jug\u00e9s \u00e0 l\u2019occasion des actes accomplis ou des opinions \u00e9mises dans l\u2019exercice de leurs fonctions.Les services du Conseil National de R\u00e9gulation de l\u2019Audiovisuel sont coordonn\u00e9s par un Secr\u00e9taire ex\u00e9cutif choisi parmi les agents de la hi\u00e9rarchie A ou assimil\u00e9e, nomm\u00e9 par d\u00e9cret sur proposition du Pr\u00e9sident du Conseil National de R\u00e9gulation de l\u2019Audiovisuel.<\/p>\n","protected":false},"excerpt":{"rendered":"<p>Pr\u00e9sentation du CNRA Au regard du d\u00e9veloppement rapide du secteur de l\u2019audiovisuel qui pr\u00e9sageait de l\u2019ampleur des mutations \u00e0 venir, la mise sur pied d\u2019un nouvel organe de r\u00e9gulation adapt\u00e9 \u00e9tait n\u00e9cessaire pour g\u00e9rer le nouveau paysage audiovisuel s\u00e9n\u00e9galais, marqu\u00e9 par l\u2019av\u00e8nement de plusieurs stations de radios commerciales, communautaires et la perspective de nouvelles cha\u00eenes [&hellip;]<\/p>\n","protected":false},"author":1,"featured_media":0,"parent":0,"menu_order":51,"comment_status":"closed","ping_status":"closed","template":"templates\/page-sb-right.php","meta":{"_exactmetrics_skip_tracking":false,"_exactmetrics_sitenote_active":false,"_exactmetrics_sitenote_note":"","_exactmetrics_sitenote_category":0},"_links":{"self":[{"href":"https:\/\/www.cnra.sn\/do\/wp-json\/wp\/v2\/pages\/4"}],"collection":[{"href":"https:\/\/www.cnra.sn\/do\/wp-json\/wp\/v2\/pages"}],"about":[{"href":"https:\/\/www.cnra.sn\/do\/wp-json\/wp\/v2\/types\/page"}],"author":[{"embeddable":true,"href":"https:\/\/www.cnra.sn\/do\/wp-json\/wp\/v2\/users\/1"}],"replies":[{"embeddable":true,"href":"https:\/\/www.cnra.sn\/do\/wp-json\/wp\/v2\/comments?post=4"}],"version-history":[{"count":5,"href":"https:\/\/www.cnra.sn\/do\/wp-json\/wp\/v2\/pages\/4\/revisions"}],"predecessor-version":[{"id":2066,"href":"https:\/\/www.cnra.sn\/do\/wp-json\/wp\/v2\/pages\/4\/revisions\/2066"}],"wp:attachment":[{"href":"https:\/\/www.cnra.sn\/do\/wp-json\/wp\/v2\/media?parent=4"}],"curies":[{"name":"wp","href":"https:\/\/api.w.org\/{rel}","templated":true}]}}