{"id":376,"date":"2013-10-31T18:48:41","date_gmt":"2013-10-31T17:48:41","guid":{"rendered":"http:\/\/www.cnra.sn\/do\/?page_id=376"},"modified":"2013-11-12T18:41:05","modified_gmt":"2013-11-12T17:41:05","slug":"supervision_elections","status":"publish","type":"page","link":"https:\/\/www.cnra.sn\/do\/supervision_elections\/","title":{"rendered":"La supervision des p\u00e9riodes \u00e9lectorales"},"content":{"rendered":"<h2><a href=\"https:\/\/www.cnra.sn\/do\/wp-content\/uploads\/2013\/10\/visuelElections.jpg\"><img decoding=\"async\" loading=\"lazy\" alt=\"visuelElections\" src=\"https:\/\/www.cnra.sn\/do\/wp-content\/uploads\/2013\/10\/visuelElections-300x161.jpg\" width=\"356\" height=\"191\" \/><\/a><\/h2>\n<h2>LA SUPERVISION DE LA COUVERTURE DES<br \/>\nP\u00c9RIODES ELECTORALES<\/h2>\n<p>\u00ab Les \u00e9lections, en soi, ne sont pas la marque de la d\u00e9mocratie, pas plus qu\u2019elles ne l\u2019instaurent. Elles ne sont pas une fin en soi, mais une simple \u00e9tape, si importante soit-elle, sur la voie qui m\u00e8ne \u00e0 la d\u00e9mocratisation de nos soci\u00e9t\u00e9s \u00bb, d\u00e9clarait en 1991 l\u2019ancien Secr\u00e9taire g\u00e9n\u00e9ral de l\u2019ONU, Monsieur Xavier Perez de Cuellar.<\/p>\n<p>Toutefois, force est de reconna\u00eetre que les consultations \u00e9lectorales, aussi in\u00e9luctables qu\u2019elles soient g\u00e9n\u00e8rent le plus souvent, h\u00e9las, instabilit\u00e9, frustrations, contestations, violences et troubles post \u00e9lectoraux. Voil\u00e0, sans doute, pourquoi Chateaubriand appelait \u00e0 \u00ab la n\u00e9cessit\u00e9 du devoir correctif et r\u00e9gulateur de l\u2019instinct d\u00e9mocratique\u00bb.<\/p>\n<p>Car, postuler \u00e0 la direction des affaires publiques est un droit essentiel, fondamental pour un homme politique. Pour r\u00e9guler le jeu d\u00e9mocratique, il importe d\u2019avoir des institutions ind\u00e9pendantes, fiables, accept\u00e9es et respect\u00e9es de tous. Ces structures ont pour mission de surveiller la diffusion des informations et \u00e9missions politiques, des programmes d\u2019\u00e9ducation citoyenne, l\u2019attribution des temps d\u2019antenne aux diff\u00e9rents partis politiques et autres candidats.<\/p>\n<p>Ainsi, elles pourront \u00ab arbitrer les tensions et maintenir l\u2019\u00e9quilibre entre les aspirations concurrentes dans le but de renforcer la coh\u00e9sion sociale \u00bb. Il revient aussi \u00e0 ces institutions le devoir de favoriser la participation populaire pour sauvegarder la diversit\u00e9, le pluralisme et le droit \u00e0 la diff\u00e9rence dans un climat de tol\u00e9rance. Ces missions sont, au terme du Code \u00e9lectoral et de la loi n\u00b02006-04 du 4 janvier 2006, d\u00e9volues au Conseil national de R\u00e9gulation de l\u2019Audiovisuel. Cette institution veille \u00e0 contr\u00f4ler la couverture m\u00e9diatique du processus \u00e9lectoral.<br \/>\n<strong>En 2012, le S\u00e9n\u00e9gal a connu deux consultations populaires majeures : l\u2019\u00e9lection pr\u00e9sidentielle du 26 f\u00e9vrier et les \u00e9lections l\u00e9gislatives du 1er juillet.<\/strong><\/p>\n","protected":false},"excerpt":{"rendered":"<p>LA SUPERVISION DE LA COUVERTURE DES P\u00c9RIODES ELECTORALES \u00ab Les \u00e9lections, en soi, ne sont pas la marque de la d\u00e9mocratie, pas plus qu\u2019elles ne l\u2019instaurent. Elles ne sont pas une fin en soi, mais une simple \u00e9tape, si importante soit-elle, sur la voie qui m\u00e8ne \u00e0 la d\u00e9mocratisation de nos soci\u00e9t\u00e9s \u00bb, d\u00e9clarait en [&hellip;]<\/p>\n","protected":false},"author":1,"featured_media":0,"parent":0,"menu_order":45,"comment_status":"closed","ping_status":"closed","template":"","meta":{"_exactmetrics_skip_tracking":false,"_exactmetrics_sitenote_active":false,"_exactmetrics_sitenote_note":"","_exactmetrics_sitenote_category":0},"_links":{"self":[{"href":"https:\/\/www.cnra.sn\/do\/wp-json\/wp\/v2\/pages\/376"}],"collection":[{"href":"https:\/\/www.cnra.sn\/do\/wp-json\/wp\/v2\/pages"}],"about":[{"href":"https:\/\/www.cnra.sn\/do\/wp-json\/wp\/v2\/types\/page"}],"author":[{"embeddable":true,"href":"https:\/\/www.cnra.sn\/do\/wp-json\/wp\/v2\/users\/1"}],"replies":[{"embeddable":true,"href":"https:\/\/www.cnra.sn\/do\/wp-json\/wp\/v2\/comments?post=376"}],"version-history":[{"count":4,"href":"https:\/\/www.cnra.sn\/do\/wp-json\/wp\/v2\/pages\/376\/revisions"}],"predecessor-version":[{"id":494,"href":"https:\/\/www.cnra.sn\/do\/wp-json\/wp\/v2\/pages\/376\/revisions\/494"}],"wp:attachment":[{"href":"https:\/\/www.cnra.sn\/do\/wp-json\/wp\/v2\/media?parent=376"}],"curies":[{"name":"wp","href":"https:\/\/api.w.org\/{rel}","templated":true}]}}