{"id":10,"date":"2013-08-20T19:43:14","date_gmt":"2013-08-20T18:43:14","guid":{"rendered":"http:\/\/www.cnra.sn\/do\/?page_id=10"},"modified":"2022-10-08T08:24:53","modified_gmt":"2022-10-08T07:24:53","slug":"accueil","status":"publish","type":"page","link":"https:\/\/www.cnra.sn\/do\/","title":{"rendered":"Accueil"},"content":{"rendered":"<section class=\"kc-elm kc-css-22617 kc_row\"><div class=\"kc-row-container  kc-container\"><div class=\"kc-wrap-columns\"><div class=\"kc-elm kc-css-664545 kc_col-sm-12 kc_column kc_col-sm-12\"><div class=\"kc-col-container\"><ul class=\"grid-list newsplus s1 kc-elm kc-css-305122\"><li class=\"grid-2x2\"><div class=\"post-thumb\"><a href=\"https:\/\/www.cnra.sn\/do\/plateforme-des-regulateurs-de-laudiovisuel-des-pays-membres-de-luemoa-et-de-la-guinee-pra-uemoa-guinee\/\" title=\"Plateforme des R\u00e9gulateurs de l\u2019Audiovisuel des pays membres de l\u2019UEMOA et de la Guin\u00e9e (PRA-UEMOA-GUINEE)\"><img src=\"https:\/\/www.cnra.sn\/do\/wp-content\/uploads\/bfi_thumb\/WhatsApp-Image-2023-07-28-a-19.31.31-7asxmnexqg2503yeh38o6i9hi5e5idkpk4o8femzbgg.jpg\" alt=\"Plateforme des R\u00e9gulateurs de l\u2019Audiovisuel des pays membres de l\u2019UEMOA et de la Guin\u00e9e (PRA-UEMOA-GUINEE)\" title=\"Plateforme des R\u00e9gulateurs de l\u2019Audiovisuel des pays membres de l\u2019UEMOA et de la Guin\u00e9e (PRA-UEMOA-GUINEE)\"\/><div class=\"hover-overlay\"><\/div><\/a><\/div><div class=\"grid-content\"><div class=\"grid-overlay dark-bg\"><aside class=\"meta-row cat-row\"><div class=\"meta-col\"><ul class=\"post-categories\"><li><a href=\"https:\/\/www.cnra.sn\/do\/category\/communiques-de-presse\/\">Communiqu\u00e9s de presse<\/a><\/li><li><a href=\"https:\/\/www.cnra.sn\/do\/category\/president-du-cnra\/\">Pr\u00e9sident du CNRA<\/a><\/li><li class=\"submenu-parent\"><a class=\"cat-toggle\" href=\"#\">+ 1 plus<\/a><ul class=\"cat-sub submenu\"><li><a href=\"https:\/\/www.cnra.sn\/do\/category\/seminaire\/\">S\u00e9minaire<\/a><\/li><\/ul><\/li><\/ul><\/div><\/aside><h2 class=\"entry-title\"><a href=\"https:\/\/www.cnra.sn\/do\/plateforme-des-regulateurs-de-laudiovisuel-des-pays-membres-de-luemoa-et-de-la-guinee-pra-uemoa-guinee\/\" title=\"Plateforme des R\u00e9gulateurs de l\u2019Audiovisuel des pays membres de l\u2019UEMOA et de la Guin\u00e9e (PRA-UEMOA-GUINEE)\">Plateforme des R\u00e9gulateurs de l\u2019Audiovisuel des pays membres de l\u2019UEMOA et de la Guin\u00e9e (PRA-UEMOA-GUINEE)<\/a><\/h2><p class=\"post-excerpt\">Monsieur Babacar DIAGNE, Pr\u00e9sident du Conseil national de R\u00e9gulation de l\u2019Audiovisuel (CNRA) du S\u00e9n\u00e9gal et Pr\u00e9sident de la&hellip;<\/p><aside class=\"meta-row row-3\"><div class=\"meta-col col-60\"><ul class=\"entry-meta\"><li class=\"post-time\"><span class=\"published-label\">Publi\u00e9: <\/span><span class=\"posted-on\"><time class=\"entry-date\" datetime=\"2023-07-28T20:46:17+01:00\">28 juillet 2023<span class=\"sep time-sep\"><\/span><span class=\"publish-time\">20 h 46 min<\/span><\/time><\/span><\/li><li class=\"post-author\"><span class=\"screen-reader-text\">Auteur <\/span><a href=\"https:\/\/www.cnra.sn\/do\/author\/admin\/\">admin<\/a><\/li><\/ul><\/div><div class=\"meta-col col-40 text-right\"><span class=\"post-views\">1806<\/span><\/div><\/aside><\/div><\/div><\/li><li class=\"grid-1x1\"><div class=\"post-thumb\"><a href=\"https:\/\/www.cnra.sn\/do\/actualites-refram-interview-de-m-babacar-diagne-president-du-conseil-national-de-regulation-de-laudiovisuel-senegal-vice-president-du-refram\/\" title=\"Actualit\u00e9s REFRAM : Interview De M Babacar Diagne, pr\u00e9sident du Conseil national de r\u00e9gulation de l&rsquo;audiovisuel (S\u00e9n\u00e9gal), vice-pr\u00e9sident du REFRAM\"><img src=\"https:\/\/www.cnra.sn\/do\/wp-content\/uploads\/bfi_thumb\/Pavet_Com_presse-704io05h4qlbvufjsz920n353r01sqngq7oflghoy4g.jpg\" alt=\"Actualit\u00e9s REFRAM : Interview De M Babacar Diagne, pr\u00e9sident du Conseil national de r\u00e9gulation de l&rsquo;audiovisuel (S\u00e9n\u00e9gal), vice-pr\u00e9sident du REFRAM\" title=\"Actualit\u00e9s REFRAM : Interview De M Babacar Diagne, pr\u00e9sident du Conseil national de r\u00e9gulation de l&rsquo;audiovisuel (S\u00e9n\u00e9gal), vice-pr\u00e9sident du REFRAM\"\/><div class=\"hover-overlay\"><\/div><\/a><\/div><div class=\"grid-content\"><div class=\"grid-overlay dark-bg\"><h2 class=\"entry-title fs-14\"><a href=\"https:\/\/www.cnra.sn\/do\/actualites-refram-interview-de-m-babacar-diagne-president-du-conseil-national-de-regulation-de-laudiovisuel-senegal-vice-president-du-refram\/\" title=\"Actualit\u00e9s REFRAM : Interview De M Babacar Diagne, pr\u00e9sident du Conseil national de r\u00e9gulation de l&rsquo;audiovisuel (S\u00e9n\u00e9gal), vice-pr\u00e9sident du REFRAM\">Actualit\u00e9s REFRAM : Interview De M Babacar Diagne, pr\u00e9sident du Conseil national de r\u00e9gulation de l&rsquo;audiovisuel (S\u00e9n\u00e9gal), vice-pr\u00e9sident du REFRAM<\/a><\/h2><aside class=\"meta-row row-3\"><div class=\"meta-col\"><ul class=\"entry-meta\"><li class=\"post-time\"><span class=\"published-label\">Publi\u00e9: <\/span><span class=\"posted-on\"><time class=\"entry-date\" datetime=\"2023-05-02T13:06:28+01:00\">2 mai 2023<span class=\"sep time-sep\"><\/span><span class=\"publish-time\">13 h 06 min<\/span><\/time><\/span><\/li><li class=\"post-author\"><span class=\"screen-reader-text\">Auteur <\/span><a href=\"https:\/\/www.cnra.sn\/do\/author\/admin\/\">admin<\/a><\/li><\/ul><\/div><\/aside><\/div><\/div><\/li><li class=\"grid-1x1\"><div class=\"post-thumb\"><a href=\"https:\/\/www.cnra.sn\/do\/mise-au-point-du-cnra-suite-aux-informations-mensongeres-diffusees-par-rewmi-quotidien\/\" title=\"Mise au point du CNRA suite aux informations mensong\u00e8res diffus\u00e9es Par Rewmi quotidien\"><img src=\"https:\/\/www.cnra.sn\/do\/wp-content\/uploads\/bfi_thumb\/Pavet_Com_presse-704io05h4qlbvufjsz920n353r01sqngq7oflghoy4g.jpg\" alt=\"Mise au point du CNRA suite aux informations mensong\u00e8res diffus\u00e9es Par Rewmi quotidien\" title=\"Mise au point du CNRA suite aux informations mensong\u00e8res diffus\u00e9es Par Rewmi quotidien\"\/><div class=\"hover-overlay\"><\/div><\/a><\/div><div class=\"grid-content\"><div class=\"grid-overlay dark-bg\"><h2 class=\"entry-title fs-14\"><a href=\"https:\/\/www.cnra.sn\/do\/mise-au-point-du-cnra-suite-aux-informations-mensongeres-diffusees-par-rewmi-quotidien\/\" title=\"Mise au point du CNRA suite aux informations mensong\u00e8res diffus\u00e9es Par Rewmi quotidien\">Mise au point du CNRA suite aux informations mensong\u00e8res diffus\u00e9es Par Rewmi quotidien<\/a><\/h2><aside class=\"meta-row row-3\"><div class=\"meta-col\"><ul class=\"entry-meta\"><li class=\"post-time\"><span class=\"published-label\">Publi\u00e9: <\/span><span class=\"posted-on\"><time class=\"entry-date\" datetime=\"2023-04-05T15:59:22+01:00\">5 avril 2023<span class=\"sep time-sep\"><\/span><span class=\"publish-time\">15 h 59 min<\/span><\/time><\/span><\/li><li class=\"post-author\"><span class=\"screen-reader-text\">Auteur <\/span><a href=\"https:\/\/www.cnra.sn\/do\/author\/admin\/\">admin<\/a><\/li><\/ul><\/div><\/aside><\/div><\/div><\/li><li class=\"grid-1x1\"><div class=\"post-thumb\"><a href=\"https:\/\/www.cnra.sn\/do\/senegal-belgique-medias-regulation-une-delegation-du-csa-belge-attendue-a-dakar\/\" title=\"S\u00e9n\u00e9gal-Belgique-m\u00e9dias-r\u00e9gulation : une d\u00e9l\u00e9gation du CSA belge attendue \u00e0 Dakar\"><img src=\"https:\/\/www.cnra.sn\/do\/wp-content\/uploads\/bfi_thumb\/Visite_CSA_belge-78yia0mpqf9wf7q1121a1ess73lhddruhv0e5e5p22o.png\" alt=\"S\u00e9n\u00e9gal-Belgique-m\u00e9dias-r\u00e9gulation : une d\u00e9l\u00e9gation du CSA belge attendue \u00e0 Dakar\" title=\"S\u00e9n\u00e9gal-Belgique-m\u00e9dias-r\u00e9gulation : une d\u00e9l\u00e9gation du CSA belge attendue \u00e0 Dakar\"\/><div class=\"hover-overlay\"><\/div><\/a><\/div><div class=\"grid-content\"><div class=\"grid-overlay dark-bg\"><h2 class=\"entry-title fs-14\"><a href=\"https:\/\/www.cnra.sn\/do\/senegal-belgique-medias-regulation-une-delegation-du-csa-belge-attendue-a-dakar\/\" title=\"S\u00e9n\u00e9gal-Belgique-m\u00e9dias-r\u00e9gulation : une d\u00e9l\u00e9gation du CSA belge attendue \u00e0 Dakar\">S\u00e9n\u00e9gal-Belgique-m\u00e9dias-r\u00e9gulation : une d\u00e9l\u00e9gation du CSA belge attendue \u00e0 Dakar<\/a><\/h2><aside class=\"meta-row row-3\"><div class=\"meta-col\"><ul class=\"entry-meta\"><li class=\"post-time\"><span class=\"published-label\">Publi\u00e9: <\/span><span class=\"posted-on\"><time class=\"entry-date\" datetime=\"2023-03-13T11:34:08+01:00\">13 mars 2023<span class=\"sep time-sep\"><\/span><span class=\"publish-time\">11 h 34 min<\/span><\/time><\/span><\/li><li class=\"post-author\"><span class=\"screen-reader-text\">Auteur <\/span><a href=\"https:\/\/www.cnra.sn\/do\/author\/admin\/\">admin<\/a><\/li><\/ul><\/div><\/aside><\/div><\/div><\/li><li class=\"grid-1x1\"><div class=\"post-thumb\"><a href=\"https:\/\/www.cnra.sn\/do\/declaration-des-reseaux-de-regulateurs-des-medias-et-de-la-securite-en-ligne-a-loccasion-de-la-conference-mondiale-de-lunesco-pour-un-internet-de-confiance\/\" title=\"D\u00e9claration des r\u00e9seaux de r\u00e9gulateurs des m\u00e9dias et de la s\u00e9curit\u00e9 en ligne \u00e0 l\u2019occasion de la Conf\u00e9rence mondiale de l\u2019UNESCO \u00ab Pour un Internet de confiance \u00bb\"><img src=\"https:\/\/www.cnra.sn\/do\/wp-content\/uploads\/bfi_thumb\/Unesco_president_Reg_23022023-78pxo8xchx662a2703pl6s7vxjgiz3dawxv94462pj4.jpg\" alt=\"D\u00e9claration des r\u00e9seaux de r\u00e9gulateurs des m\u00e9dias et de la s\u00e9curit\u00e9 en ligne \u00e0 l\u2019occasion de la Conf\u00e9rence mondiale de l\u2019UNESCO \u00ab Pour un Internet de confiance \u00bb\" title=\"D\u00e9claration des r\u00e9seaux de r\u00e9gulateurs des m\u00e9dias et de la s\u00e9curit\u00e9 en ligne \u00e0 l\u2019occasion de la Conf\u00e9rence mondiale de l\u2019UNESCO \u00ab Pour un Internet de confiance \u00bb\"\/><div class=\"hover-overlay\"><\/div><\/a><\/div><div class=\"grid-content\"><div class=\"grid-overlay dark-bg\"><h2 class=\"entry-title fs-14\"><a href=\"https:\/\/www.cnra.sn\/do\/declaration-des-reseaux-de-regulateurs-des-medias-et-de-la-securite-en-ligne-a-loccasion-de-la-conference-mondiale-de-lunesco-pour-un-internet-de-confiance\/\" title=\"D\u00e9claration des r\u00e9seaux de r\u00e9gulateurs des m\u00e9dias et de la s\u00e9curit\u00e9 en ligne \u00e0 l\u2019occasion de la Conf\u00e9rence mondiale de l\u2019UNESCO \u00ab Pour un Internet de confiance \u00bb\">D\u00e9claration des r\u00e9seaux de r\u00e9gulateurs des m\u00e9dias et de la s\u00e9curit\u00e9 en ligne \u00e0 l\u2019occasion de la Conf\u00e9rence mondiale de l\u2019UNESCO \u00ab Pour un Internet de confiance \u00bb<\/a><\/h2><aside class=\"meta-row row-3\"><div class=\"meta-col\"><ul class=\"entry-meta\"><li class=\"post-time\"><span class=\"published-label\">Publi\u00e9: <\/span><span class=\"posted-on\"><time class=\"entry-date\" datetime=\"2023-02-23T16:42:41+01:00\">23 f\u00e9vrier 2023<span class=\"sep time-sep\"><\/span><span class=\"publish-time\">16 h 42 min<\/span><\/time><\/span><\/li><li class=\"post-author\"><span class=\"screen-reader-text\">Auteur <\/span><a href=\"https:\/\/www.cnra.sn\/do\/author\/admin\/\">admin<\/a><\/li><\/ul><\/div><\/aside><\/div><\/div><\/li><\/ul><\/div><\/div><\/div><\/div><\/section><section class=\"kc-elm kc-css-556233 kc_row\"><div class=\"kc-row-container  kc-container\"><div class=\"kc-wrap-columns\"><div class=\"kc-elm kc-css-806482 kc_col-sm-12 kc_column kc_col-sm-12\"><div class=\"kc-col-container\"><div class=\"kc-elm kc-css-603182 kc-animated kc-animate-eff-fadeInLeft\">\n\t<div class=\"kc-carousel_images kc-elm kc-css-603182 kc-animated kc-animate-eff-fadeInLeft\">\n\t\n\t\t<div class=\"kc-carousel-images owl-carousel-images kc-sync1 \" data-owl-i-options='{\"items\":\"1\",\"tablet\":\"2\",\"mobile\":\"1\",\"speed\":\"500\",\"navigation\":\"\",\"pagination\":\"yes\",\"autoheight\":\"\",\"progressbar\":\"\",\"delay\":\"8\",\"autoplay\":\"yes\",\"showthumb\":\"\",\"num_thumb\":\"5\"}'>\n\t\n\t\t\t\t\t<div class=\"item\">\n\t\n\t\t\t\t\t\t\t<img src=\"https:\/\/www.cnra.sn\/do\/wp-content\/uploads\/2022\/05\/Bandeau_CNRA_TOURNEE_REGIONS_Legislatives_1000x333.jpg\"  alt=\"\"\/>\n\t\n\t\t\t\t\n\t\t\t<\/div>\n\t\n\t\t\t\t\t<div class=\"item\">\n\t\n\t\t\t\t\t\t\t<img src=\"https:\/\/www.cnra.sn\/do\/wp-content\/uploads\/2022\/06\/Bandeau_CJRS_OIF.jpg\"  alt=\"\"\/>\n\t\n\t\t\t\t\n\t\t\t<\/div>\n\t\n\t\t\t\t\t<div class=\"item\">\n\t\n\t\t\t\t\t\t\t<img src=\"https:\/\/www.cnra.sn\/do\/wp-content\/uploads\/2022\/06\/Bandeau_Urac_OIF.jpg\"  alt=\"\"\/>\n\t\n\t\t\t\t\n\t\t\t<\/div>\n\t\n\t\t\t\n\t\t<\/div>\n\t\n\t\t\t<\/div>\n<\/div>\n<\/div><\/div><\/div><\/div><\/section><section class=\"kc-elm kc-css-175389 kc_row\"><div class=\"kc-row-container  kc-container\"><div class=\"kc-wrap-columns\"><div class=\"kc-elm kc-css-782803 kc_col-sm-3 kc_column kc_col-sm-3\"><div class=\"kc-col-container\">\n<div class=\"kc-elm kc-css-461194 kc-title-wrap \">\n\n\t<h3 class=\"kc_title text-light h4\"><a href=\"#\" class=\"kc_title_link\" title=\"\" target=\"_blank\"><a href=\"http:\/\/www.cnra.sn\/do\/download\/cahier-de-charges-applicable-au-titulaire-dune-autorisation-de-diffusion-de-programmes-de-television-privee-de-droit-senegalais\/\/\" target=\"_blank\">\r\n <span class=\"ss-label green\">Cahier des charges<\/span> <\/a>relatif \u00e0 l'\u00e9tablissement et\/ou l'exploitation d'un service de t\u00e9l\u00e9vision priv\u00e9e commerciale<\/a><\/h3>\n<\/div>\n<\/div><\/div><div class=\"kc-elm kc-css-434218 kc_col-sm-3 kc_column kc_col-sm-3\"><div class=\"kc-col-container\">\n<div class=\"kc-elm kc-css-407430 kc-title-wrap \">\n\n\t<h3 class=\"kc_title text-light h4\"><a href=\"#\" class=\"kc_title_link\" title=\"\" target=\"_blank\"><a href=\"http:\/\/www.cnra.sn\/do\/download\/cahier-des-charges-relatif-a-letablissement-et-ou-lexploitation-dun-service-de-distribution-de-programmes-de-radiodiffusion-televisuelle-et-ou-sonore\/\" target=\"_blank\">\r\n <span class=\"ss-label green\">Cahier des charges<\/span> <\/a>relatif \u00e0 l\u2019\u00e9tablissement et\/ou l\u2019exploitation d\u2019un service de distribution de programmes de radiodiffusion t\u00e9l\u00e9visuelle et\/ou sonore.\r\n\t\r\n\t<\/a><\/h3>\n<\/div>\n<\/div><\/div><div class=\"kc-elm kc-css-372554 kc_col-sm-3 kc_column kc_col-sm-3\"><div class=\"kc-col-container\">\n<div class=\"kc-elm kc-css-421105 kc-title-wrap \">\n\n\t<h3 class=\"kc_title text-light h4\"><a href=\"#\" class=\"kc_title_link\" title=\"\" target=\"_blank\">\t<p> <a href=\"http:\/\/www.cnra.sn\/do\/download\/cahier-des-charges-relatif-a-letablissement-et-ou-lexploitation-dun-service-de-radiodiffusion-sonore-non-commerciale-ou-radio-de-proximite-ou-radio-communautaire\/\"><span class=\"ss-label brown\">Cahier des charges<\/span><\/a> relatif \u00e0 l\u2019\u00e9tablissement et\/ou l\u2019exploitation d\u2019un service de d'uneRadio de Proximit\u00e9 ou d'une Radio Communautaire<\/p><\/a><\/h3>\n<\/div>\n<\/div><\/div><div class=\"kc-elm kc-css-770105 kc_col-sm-3 kc_column kc_col-sm-3\"><div class=\"kc-col-container\">\n<div class=\"kc-elm kc-css-283939 kc-title-wrap \">\n\n\t<h3 class=\"kc_title text-light h4\"><a href=\"#\" class=\"kc_title_link\" title=\"\" target=\"_blank\"><a href=\"http:\/\/www.cnra.sn\/do\/download\/code-de-la-presse\/\" target=\"_blank\">\r\n <span class=\"ss-label brown\">Code de la Presse<\/span> <\/a>.A partir de 2000, une r\u00e9flexion, a \u00e9t\u00e9 entam\u00e9e par des professionnels, pour la r\u00e9forme de la presse s\u00e9n\u00e9galaise. <\/a><\/h3>\n<\/div>\n<\/div><\/div><\/div><\/div><\/section><section class=\"kc-elm kc-css-175080 kc-animated kc-animate-eff-fadeInDown kc_row\"><div class=\"kc-row-container  kc-container\"><div class=\"kc-wrap-columns\"><div class=\"kc-elm kc-css-131667 kc_col-sm-12 kc_column kc_col-sm-12\"><div class=\"kc-col-container\"><div class=\"kc-elm kc-css-212225 kc_text_block\"><p><a href=\"https:\/\/www.cnra.sn\/do\/legislatives-2022-le-cnra-en-tournee-de-sensibilisation-des-medias\/\" target=\"_blank\"><img class=\"aligncenter\" src=\"https:\/\/www.cnra.sn\/do\/wp-content\/uploads\/bfi_thumb\/Bandeau_CNRA_TOURNEE_REGIONS_Legislatives_1000x333-74ulpee8jtf8xvj26nd1c811huol1knywyvlkb0g380.jpg\" alt=\"leaderboard\" \/><\/a><\/p>\n<\/div><\/div><\/div><\/div><\/div><\/section>\n","protected":false},"excerpt":{"rendered":"","protected":false},"author":1,"featured_media":0,"parent":0,"menu_order":52,"comment_status":"closed","ping_status":"closed","template":"templates\/page-full.php","meta":{"_exactmetrics_skip_tracking":false,"_exactmetrics_sitenote_active":false,"_exactmetrics_sitenote_note":"","_exactmetrics_sitenote_category":0},"_links":{"self":[{"href":"https:\/\/www.cnra.sn\/do\/wp-json\/wp\/v2\/pages\/10"}],"collection":[{"href":"https:\/\/www.cnra.sn\/do\/wp-json\/wp\/v2\/pages"}],"about":[{"href":"https:\/\/www.cnra.sn\/do\/wp-json\/wp\/v2\/types\/page"}],"author":[{"embeddable":true,"href":"https:\/\/www.cnra.sn\/do\/wp-json\/wp\/v2\/users\/1"}],"replies":[{"embeddable":true,"href":"https:\/\/www.cnra.sn\/do\/wp-json\/wp\/v2\/comments?post=10"}],"version-history":[{"count":342,"href":"https:\/\/www.cnra.sn\/do\/wp-json\/wp\/v2\/pages\/10\/revisions"}],"predecessor-version":[{"id":2313,"href":"https:\/\/www.cnra.sn\/do\/wp-json\/wp\/v2\/pages\/10\/revisions\/2313"}],"wp:attachment":[{"href":"https:\/\/www.cnra.sn\/do\/wp-json\/wp\/v2\/media?parent=10"}],"curies":[{"name":"wp","href":"https:\/\/api.w.org\/{rel}","templated":true}]}}